{"id":1151,"date":"2018-12-07T14:28:15","date_gmt":"2018-12-07T13:28:15","guid":{"rendered":"http:\/\/gueuledenouille.com\/?post_type=product&#038;p=1151"},"modified":"2026-04-27T05:45:30","modified_gmt":"2026-04-27T03:45:30","slug":"bon-cadeau-50e","status":"publish","type":"product","link":"https:\/\/gueuledenouille.com\/index.php\/produit\/bon-cadeau-50e\/","title":{"rendered":"BON CADEAU"},"content":{"rendered":"","protected":false},"excerpt":{"rendered":"<p>Nouveau : Bon cadeau pour offrir \u00e0 vos proches<\/p>\n<p>Laissez \u00e0 vos proches la libert\u00e9 de choisir le mod\u00e8le qui leur pla\u00eet<br \/>\nIls commanderont sur le site plus tard gr\u00e2ce \u00e0 un code promo<br \/>\nFRAIS DE PORT OFFERTS<\/p>\n<p>Pour choisir la valeur du cadeau contactez Gueule de Nouille<br \/>\nclementine.hauguenois@gmail.com ou 06 49 61 58 02<\/p>\n<p><a href=\"http:\/\/gueuledenouille.com\/index.php\/blog\/unknown\/\" rel=\"attachment wp-att-761\"><img loading=\"lazy\" decoding=\"async\" class=\"alignnone wp-image-761\" src=\"http:\/\/gueuledenouille.com\/wp-content\/uploads\/2017\/06\/Unknown.jpeg\" alt=\"\" width=\"151\" height=\"151\" srcset=\"https:\/\/gueuledenouille.com\/wp-content\/uploads\/2017\/06\/Unknown.jpeg 225w, https:\/\/gueuledenouille.com\/wp-content\/uploads\/2017\/06\/Unknown-100x100.jpeg 100w, https:\/\/gueuledenouille.com\/wp-content\/uploads\/2017\/06\/Unknown-150x150.jpeg 150w\" sizes=\"(max-width: 151px) 100vw, 151px\" \/><\/a><a href=\"http:\/\/gueuledenouille.com\/index.php\/produit\/born-to-be-cyclette-sac-en-coton-blanc-copie\/gueule-de-nouille-final\/\" rel=\"attachment wp-att-757\"><img loading=\"lazy\" decoding=\"async\" class=\"alignnone wp-image-757\" src=\"http:\/\/gueuledenouille.com\/wp-content\/uploads\/2017\/10\/gueule-de-nouille-WEB.jpg\" alt=\"\" width=\"130\" height=\"134\" \/>\u00a0\u00a0<\/a><\/p>\n","protected":false},"featured_media":1155,"comment_status":"open","ping_status":"closed","template":"","meta":{"jetpack_post_was_ever_published":false},"product_cat":[68,62],"product_tag":[],"jetpack_sharing_enabled":true,"_links":{"self":[{"href":"https:\/\/gueuledenouille.com\/index.php\/wp-json\/wp\/v2\/product\/1151"}],"collection":[{"href":"https:\/\/gueuledenouille.com\/index.php\/wp-json\/wp\/v2\/product"}],"about":[{"href":"https:\/\/gueuledenouille.com\/index.php\/wp-json\/wp\/v2\/types\/product"}],"replies":[{"embeddable":true,"href":"https:\/\/gueuledenouille.com\/index.php\/wp-json\/wp\/v2\/comments?post=1151"}],"wp:featuredmedia":[{"embeddable":true,"href":"https:\/\/gueuledenouille.com\/index.php\/wp-json\/wp\/v2\/media\/1155"}],"wp:attachment":[{"href":"https:\/\/gueuledenouille.com\/index.php\/wp-json\/wp\/v2\/media?parent=1151"}],"wp:term":[{"taxonomy":"product_cat","embeddable":true,"href":"https:\/\/gueuledenouille.com\/index.php\/wp-json\/wp\/v2\/product_cat?post=1151"},{"taxonomy":"product_tag","embeddable":true,"href":"https:\/\/gueuledenouille.com\/index.php\/wp-json\/wp\/v2\/product_tag?post=1151"}],"curies":[{"name":"wp","href":"https:\/\/api.w.org\/{rel}","templated":true}]}}