{"id":1285,"date":"2019-12-05T11:17:13","date_gmt":"2019-12-05T10:17:13","guid":{"rendered":"http:\/\/gueuledenouille.com\/?post_type=product&#038;p=1285"},"modified":"2026-03-28T03:12:37","modified_gmt":"2026-03-28T02:12:37","slug":"fruit-style-tee-shirt-homme","status":"publish","type":"product","link":"https:\/\/gueuledenouille.com\/index.php\/produit\/fruit-style-tee-shirt-homme\/","title":{"rendered":"FRUIT STYLE Tee Shirt Homme"},"content":{"rendered":"<p>Guide des tailles<\/p>\n<p><img loading=\"lazy\" decoding=\"async\" class=\"alignnone  wp-image-2094\" src=\"http:\/\/gueuledenouille.com\/wp-content\/uploads\/2025\/05\/NS300-guide-des-tailles-300x171.png\" alt=\"\" width=\"749\" height=\"427\" srcset=\"https:\/\/gueuledenouille.com\/wp-content\/uploads\/2025\/05\/NS300-guide-des-tailles-300x171.png 300w, https:\/\/gueuledenouille.com\/wp-content\/uploads\/2025\/05\/NS300-guide-des-tailles-1024x584.png 1024w, https:\/\/gueuledenouille.com\/wp-content\/uploads\/2025\/05\/NS300-guide-des-tailles-768x438.png 768w, https:\/\/gueuledenouille.com\/wp-content\/uploads\/2025\/05\/NS300-guide-des-tailles-600x342.png 600w, https:\/\/gueuledenouille.com\/wp-content\/uploads\/2025\/05\/NS300-guide-des-tailles.png 1240w\" sizes=\"(max-width: 749px) 100vw, 749px\" \/><\/p>\n","protected":false},"excerpt":{"rendered":"<div class=\"page\" title=\"Page 1\">\n<div class=\"layoutArea\">\n<div class=\"page\" title=\"Page 1\">\n<div class=\"layoutArea\">\n<div class=\"column\">\n<p>Chaque article est <strong>imprim\u00e9 \u00e0 la main<\/strong> dans l\u2019<strong>atelier de s\u00e9rigraphie artisanale<\/strong> GUEULE DE NOUILLE situ\u00e9 \u00e0 Eygliers dans les Hautes-Alpes.<\/p>\n<p>La <strong>collection GUEULE DE NOUILLE<\/strong> s\u2019applique pour suivre une <strong>d\u00e9marche \u00e9cologique<\/strong>, en utilisant des encres \u00e0 base d\u2019eau et du <strong>coton biologique de qualit\u00e9<\/strong>.<\/p>\n<p>Les designs sont des <strong>cr\u00e9ations originales, d\u00e9cal\u00e9es, r\u00e9alis\u00e9es en \u00ab\u00a0dessin v\u00e9ritable<\/strong>\u00ab\u00a0, avec une pointe d\u2019humour pour mettre un brin de folie dans la vie, tout en passant parfois des messages.<\/p>\n<p><a href=\"http:\/\/gueuledenouille.com\/?attachment_id=1297\" rel=\"attachment wp-att-1297\"><img loading=\"lazy\" decoding=\"async\" class=\"alignnone size-full wp-image-1297\" src=\"http:\/\/gueuledenouille.com\/wp-content\/uploads\/2019\/12\/Capture-d\u2019e\u0301cran-2019-12-05-a\u0300-11.56.07.png\" alt=\"\" width=\"273\" height=\"145\" \/><\/a><\/p>\n<ul>\n<li>Couleur du textile : bleu denim<\/li>\n<li>Couleur d\u2019impression : jaune<\/li>\n<li>Mati\u00e8re : Jersey simple<\/li>\n<li>Composition : 100% coton biologique fil\u00e9 et peign\u00e9<\/li>\n<li>\n<div class=\"composition-list pim-row\">Grammage: <span class=\"bold\">155g\/m\u00b2<\/span><\/div>\n<\/li>\n<li>Tailles disponibles : S\/M\/L\/XL<\/li>\n<li>\n<div class=\"composition-list pim-row\"><span class=\"bold\">Conseil d\u2019entretien : <\/span>Lavable \u00e0 40\u00b0C<\/div>\n<\/li>\n<li>Livraison en France et \u00e0 l\u2019international<\/li>\n<li>Guide des tailles en bas de page<\/li>\n<\/ul>\n<p>&nbsp;<\/p>\n<p>&nbsp;<\/p>\n<\/div>\n<\/div>\n<\/div>\n<\/div>\n<\/div>\n","protected":false},"featured_media":1716,"comment_status":"open","ping_status":"closed","template":"","meta":{"jetpack_post_was_ever_published":false},"product_cat":[22,27,32,63],"product_tag":[],"jetpack_sharing_enabled":true,"_links":{"self":[{"href":"https:\/\/gueuledenouille.com\/index.php\/wp-json\/wp\/v2\/product\/1285"}],"collection":[{"href":"https:\/\/gueuledenouille.com\/index.php\/wp-json\/wp\/v2\/product"}],"about":[{"href":"https:\/\/gueuledenouille.com\/index.php\/wp-json\/wp\/v2\/types\/product"}],"replies":[{"embeddable":true,"href":"https:\/\/gueuledenouille.com\/index.php\/wp-json\/wp\/v2\/comments?post=1285"}],"wp:featuredmedia":[{"embeddable":true,"href":"https:\/\/gueuledenouille.com\/index.php\/wp-json\/wp\/v2\/media\/1716"}],"wp:attachment":[{"href":"https:\/\/gueuledenouille.com\/index.php\/wp-json\/wp\/v2\/media?parent=1285"}],"wp:term":[{"taxonomy":"product_cat","embeddable":true,"href":"https:\/\/gueuledenouille.com\/index.php\/wp-json\/wp\/v2\/product_cat?post=1285"},{"taxonomy":"product_tag","embeddable":true,"href":"https:\/\/gueuledenouille.com\/index.php\/wp-json\/wp\/v2\/product_tag?post=1285"}],"curies":[{"name":"wp","href":"https:\/\/api.w.org\/{rel}","templated":true}]}}