{"id":1743,"date":"2021-11-29T11:07:59","date_gmt":"2021-11-29T10:07:59","guid":{"rendered":"http:\/\/gueuledenouille.com\/?post_type=product&#038;p=1743"},"modified":"2026-04-08T08:32:05","modified_gmt":"2026-04-08T06:32:05","slug":"ave-vulvae-tasse","status":"publish","type":"product","link":"https:\/\/gueuledenouille.com\/index.php\/produit\/ave-vulvae-tasse\/","title":{"rendered":"AVE VULVAE tasse"},"content":{"rendered":"<p>Tasse vintage en acier \u00e9maill\u00e9 blanc, dot\u00e9 d&rsquo;un cerclage m\u00e9tallique de couleur gris.<\/p>\n","protected":false},"excerpt":{"rendered":"<p>D\u00e9conseill\u00e9 au lave vaiselle<\/p>\n","protected":false},"featured_media":1744,"comment_status":"open","ping_status":"closed","template":"","meta":{"jetpack_post_was_ever_published":false},"product_cat":[66,23,62],"product_tag":[],"jetpack_sharing_enabled":true,"_links":{"self":[{"href":"https:\/\/gueuledenouille.com\/index.php\/wp-json\/wp\/v2\/product\/1743"}],"collection":[{"href":"https:\/\/gueuledenouille.com\/index.php\/wp-json\/wp\/v2\/product"}],"about":[{"href":"https:\/\/gueuledenouille.com\/index.php\/wp-json\/wp\/v2\/types\/product"}],"replies":[{"embeddable":true,"href":"https:\/\/gueuledenouille.com\/index.php\/wp-json\/wp\/v2\/comments?post=1743"}],"wp:featuredmedia":[{"embeddable":true,"href":"https:\/\/gueuledenouille.com\/index.php\/wp-json\/wp\/v2\/media\/1744"}],"wp:attachment":[{"href":"https:\/\/gueuledenouille.com\/index.php\/wp-json\/wp\/v2\/media?parent=1743"}],"wp:term":[{"taxonomy":"product_cat","embeddable":true,"href":"https:\/\/gueuledenouille.com\/index.php\/wp-json\/wp\/v2\/product_cat?post=1743"},{"taxonomy":"product_tag","embeddable":true,"href":"https:\/\/gueuledenouille.com\/index.php\/wp-json\/wp\/v2\/product_tag?post=1743"}],"curies":[{"name":"wp","href":"https:\/\/api.w.org\/{rel}","templated":true}]}}