{"id":1997,"date":"2023-11-23T12:04:41","date_gmt":"2023-11-23T11:04:41","guid":{"rendered":"http:\/\/gueuledenouille.com\/?post_type=product&#038;p=1997"},"modified":"2026-04-13T03:40:45","modified_gmt":"2026-04-13T01:40:45","slug":"cyclopathe-tee-shirt-homme","status":"publish","type":"product","link":"https:\/\/gueuledenouille.com\/index.php\/produit\/cyclopathe-tee-shirt-homme\/","title":{"rendered":"CYCLOPATHE Tee Shirt Homme"},"content":{"rendered":"<p>Guide des tailles<\/p>\n<p><a href=\"http:\/\/gueuledenouille.com\/?attachment_id=1397\" rel=\"attachment wp-att-1397\"><img loading=\"lazy\" decoding=\"async\" class=\"alignnone size-full wp-image-1397\" src=\"http:\/\/gueuledenouille.com\/wp-content\/uploads\/2017\/09\/continental.jpg\" alt=\"\" width=\"1408\" height=\"1221\" srcset=\"https:\/\/gueuledenouille.com\/wp-content\/uploads\/2017\/09\/continental.jpg 1408w, https:\/\/gueuledenouille.com\/wp-content\/uploads\/2017\/09\/continental-300x260.jpg 300w, https:\/\/gueuledenouille.com\/wp-content\/uploads\/2017\/09\/continental-1024x888.jpg 1024w, https:\/\/gueuledenouille.com\/wp-content\/uploads\/2017\/09\/continental-768x666.jpg 768w, https:\/\/gueuledenouille.com\/wp-content\/uploads\/2017\/09\/continental-600x520.jpg 600w\" sizes=\"(max-width: 1408px) 100vw, 1408px\" \/><\/a><\/p>\n","protected":false},"excerpt":{"rendered":"<div class=\"page\" title=\"Page 1\">\n<p>Chaque article est <strong>imprim\u00e9 \u00e0 la main<\/strong> dans l\u2019<strong>atelier de s\u00e9rigraphie artisanale<\/strong> GUEULE DE NOUILLE situ\u00e9 \u00e0 Eygliers dans les Hautes-Alpes.<\/p>\n<p>La <strong>collection GUEULE DE NOUILLE<\/strong> s\u2019applique pour suivre une <strong>d\u00e9marche \u00e9cologique<\/strong>, en utilisant des encres \u00e0 base d\u2019eau et du <strong>coton biologique de qualit\u00e9<\/strong>.<\/p>\n<p>Les designs sont des <strong>cr\u00e9ations originales, d\u00e9cal\u00e9es, r\u00e9alis\u00e9es en \u00ab\u00a0dessin v\u00e9ritable<\/strong>\u00ab\u00a0, avec une pointe d\u2019humour pour mettre un brin de folie dans la vie, tout en passant parfois des messages.<\/p>\n<p><a href=\"http:\/\/gueuledenouille.com\/?attachment_id=1297\" rel=\"attachment wp-att-1297\"><img loading=\"lazy\" decoding=\"async\" class=\"alignnone size-full wp-image-1297\" src=\"http:\/\/gueuledenouille.com\/wp-content\/uploads\/2019\/12\/Capture-d\u2019e\u0301cran-2019-12-05-a\u0300-11.56.07.png\" alt=\"\" width=\"273\" height=\"145\" \/><\/a><\/p>\n<ul>\n<li>Couleur du textile : Rouille<\/li>\n<li>Couleur d\u2019impression : Cr\u00e8me<\/li>\n<li>Mati\u00e8re : Jersey simple<\/li>\n<li>Composition : 100% coton biologique fil\u00e9 et peign\u00e9<\/li>\n<li>\n<div class=\"composition-list pim-row\">Grammage: <span class=\"bold\">155g\/m\u00b2<\/span><\/div>\n<\/li>\n<li>Tailles disponibles : S\/M\/L\/XL\/XXL<\/li>\n<li>\n<div class=\"composition-list pim-row\"><span class=\"bold\">Conseil d\u2019entretien : <\/span>Lavable \u00e0 40\u00b0C<\/div>\n<\/li>\n<li>Livraison en France et \u00e0 l\u2019international<\/li>\n<li>Guide des tailles en bas de page<\/li>\n<\/ul>\n<\/div>\n","protected":false},"featured_media":1834,"comment_status":"open","ping_status":"closed","template":"","meta":{"jetpack_post_was_ever_published":false},"product_cat":[22,27,31],"product_tag":[],"jetpack_sharing_enabled":true,"_links":{"self":[{"href":"https:\/\/gueuledenouille.com\/index.php\/wp-json\/wp\/v2\/product\/1997"}],"collection":[{"href":"https:\/\/gueuledenouille.com\/index.php\/wp-json\/wp\/v2\/product"}],"about":[{"href":"https:\/\/gueuledenouille.com\/index.php\/wp-json\/wp\/v2\/types\/product"}],"replies":[{"embeddable":true,"href":"https:\/\/gueuledenouille.com\/index.php\/wp-json\/wp\/v2\/comments?post=1997"}],"wp:featuredmedia":[{"embeddable":true,"href":"https:\/\/gueuledenouille.com\/index.php\/wp-json\/wp\/v2\/media\/1834"}],"wp:attachment":[{"href":"https:\/\/gueuledenouille.com\/index.php\/wp-json\/wp\/v2\/media?parent=1997"}],"wp:term":[{"taxonomy":"product_cat","embeddable":true,"href":"https:\/\/gueuledenouille.com\/index.php\/wp-json\/wp\/v2\/product_cat?post=1997"},{"taxonomy":"product_tag","embeddable":true,"href":"https:\/\/gueuledenouille.com\/index.php\/wp-json\/wp\/v2\/product_tag?post=1997"}],"curies":[{"name":"wp","href":"https:\/\/api.w.org\/{rel}","templated":true}]}}