{"id":2038,"date":"2024-06-02T17:54:01","date_gmt":"2024-06-02T15:54:01","guid":{"rendered":"http:\/\/gueuledenouille.com\/?post_type=product&#038;p=2038"},"modified":"2026-04-13T03:38:35","modified_gmt":"2026-04-13T01:38:35","slug":"arbres-solidaires-tee-shirt-femme","status":"publish","type":"product","link":"https:\/\/gueuledenouille.com\/index.php\/produit\/arbres-solidaires-tee-shirt-femme\/","title":{"rendered":"ARBRES SOLIDAIRES Tee shirt femme"},"content":{"rendered":"<div class=\"pim-data-section font-darkest\">\n<div class=\"composition-list pim-row\">Guide des tailles<\/div>\n<\/div>\n<p>&nbsp;<\/p>\n","protected":false},"excerpt":{"rendered":"<p>Chaque article est <strong>imprim\u00e9 \u00e0 la main<\/strong> dans l&rsquo;<strong>atelier de s\u00e9rigraphie artisanale<\/strong> GUEULE DE NOUILLE situ\u00e9 \u00e0 Eygliers dans les Hautes-Alpes.<\/p>\n<p>La <strong>collection GUEULE DE NOUILLE<\/strong> s&rsquo;applique pour suivre une <strong>d\u00e9marche \u00e9cologique<\/strong>, en utilisant des encres \u00e0 base d&rsquo;eau et du <strong>coton biologique de qualit\u00e9<\/strong>.<\/p>\n<p>Les designs sont des <strong>cr\u00e9ations originales, d\u00e9cal\u00e9es, r\u00e9alis\u00e9es en \u00ab\u00a0dessin v\u00e9ritable<\/strong>\u00ab\u00a0, avec une pointe d&rsquo;humour pour mettre un brin de folie dans la vie, tout en passant parfois des messages.<\/p>\n<p><a href=\"http:\/\/gueuledenouille.com\/?attachment_id=1297\" rel=\"attachment wp-att-1297\"><img loading=\"lazy\" decoding=\"async\" class=\"alignnone size-full wp-image-1297\" src=\"http:\/\/gueuledenouille.com\/wp-content\/uploads\/2019\/12\/Capture-d\u2019e\u0301cran-2019-12-05-a\u0300-11.56.07.png\" alt=\"\" width=\"273\" height=\"145\" \/><\/a><\/p>\n<ul>\n<li>Couleur du textile : jade green<\/li>\n<li>Couleur d&rsquo;impression : noire<\/li>\n<li>\n<div class=\"constraction-list pim-row\">Mati\u00e8re : Jersey simple<\/div>\n<\/li>\n<li>\n<div class=\"composition-list pim-row\">Composition : 100% coton biologique peign\u00e9 ringspun.<br \/>\nTissu en jersey aspect flamm\u00e9<\/div>\n<\/li>\n<li>\n<div class=\"composition-list pim-row\">Grammage: <span class=\"bold\">130g\/m\u00b2<\/span><\/div>\n<\/li>\n<li>Tailles disponibles : XS\/S\/M\/L<\/li>\n<li>\n<div class=\"composition-list pim-row\"><span class=\"bold\">Conseil d&rsquo;entretien : <\/span>Lavable \u00e0 40\u00b0C<\/div>\n<\/li>\n<li>Livraison en France et \u00e0 l&rsquo;internationnal<\/li>\n<li>Guide des tailles en bas de page<\/li>\n<\/ul>\n","protected":false},"featured_media":2042,"comment_status":"open","ping_status":"closed","template":"","meta":{"jetpack_post_was_ever_published":false},"product_cat":[22,28,63],"product_tag":[],"jetpack_sharing_enabled":true,"_links":{"self":[{"href":"https:\/\/gueuledenouille.com\/index.php\/wp-json\/wp\/v2\/product\/2038"}],"collection":[{"href":"https:\/\/gueuledenouille.com\/index.php\/wp-json\/wp\/v2\/product"}],"about":[{"href":"https:\/\/gueuledenouille.com\/index.php\/wp-json\/wp\/v2\/types\/product"}],"replies":[{"embeddable":true,"href":"https:\/\/gueuledenouille.com\/index.php\/wp-json\/wp\/v2\/comments?post=2038"}],"wp:featuredmedia":[{"embeddable":true,"href":"https:\/\/gueuledenouille.com\/index.php\/wp-json\/wp\/v2\/media\/2042"}],"wp:attachment":[{"href":"https:\/\/gueuledenouille.com\/index.php\/wp-json\/wp\/v2\/media?parent=2038"}],"wp:term":[{"taxonomy":"product_cat","embeddable":true,"href":"https:\/\/gueuledenouille.com\/index.php\/wp-json\/wp\/v2\/product_cat?post=2038"},{"taxonomy":"product_tag","embeddable":true,"href":"https:\/\/gueuledenouille.com\/index.php\/wp-json\/wp\/v2\/product_tag?post=2038"}],"curies":[{"name":"wp","href":"https:\/\/api.w.org\/{rel}","templated":true}]}}