{"id":479,"date":"2017-08-10T17:44:07","date_gmt":"2017-08-10T15:44:07","guid":{"rendered":"http:\/\/gueuledenouille.com\/?post_type=product&#038;p=479"},"modified":"2026-02-24T16:57:36","modified_gmt":"2026-02-24T15:57:36","slug":"gueule-de-nouille-tee-shirt-enfant","status":"publish","type":"product","link":"https:\/\/gueuledenouille.com\/index.php\/produit\/gueule-de-nouille-tee-shirt-enfant\/","title":{"rendered":"\u00ab\u00a0GUEULE DE NOUILLE\u00a0\u00bb Tee shirt enfant"},"content":{"rendered":"<p style=\"text-align: center;\">100% coton organique peign\u00e9 ringspun, simple jersey, col rond avec bord c\u00f4te, bande de propret\u00e9, coutures lat\u00e9rales, coutures plates \u00e0 la base et aux emmanchures, \u00e9tiquette neutre dans le cou, taille standard, \u00e9tiquette neutre dans le cou, produit nakedgreen\u00ae. Grammage:\u00a0<span class=\"bold\">155g\/m\u00b2,\u00a0<\/span>Lavable \u00e0 40\u00b0C.<\/p>\n<p><a href=\"http:\/\/gueuledenouille.com\/index.php\/produit\/born-to-be-cyclette-tee-shirt-femme\/tailles-enfant\/\" rel=\"attachment wp-att-661\"><img loading=\"lazy\" decoding=\"async\" class=\"size-full wp-image-661 aligncenter\" src=\"http:\/\/gueuledenouille.com\/wp-content\/uploads\/2017\/09\/tailles-enfant.png\" alt=\"\" width=\"526\" height=\"479\" srcset=\"https:\/\/gueuledenouille.com\/wp-content\/uploads\/2017\/09\/tailles-enfant.png 526w, https:\/\/gueuledenouille.com\/wp-content\/uploads\/2017\/09\/tailles-enfant-300x273.png 300w\" sizes=\"(max-width: 526px) 100vw, 526px\" \/><\/a><\/p>\n","protected":false},"excerpt":{"rendered":"<p>Quoi, qu\u2019est ce qu\u2019elle a ma Gueule de Nouille ?!<\/p>\n<p><a href=\"http:\/\/gueuledenouille.com\/index.php\/blog\/unknown\/\" rel=\"attachment wp-att-761\"><img loading=\"lazy\" decoding=\"async\" class=\"alignnone wp-image-761\" src=\"http:\/\/gueuledenouille.com\/wp-content\/uploads\/2017\/06\/Unknown.jpeg\" alt=\"\" width=\"173\" height=\"173\" srcset=\"https:\/\/gueuledenouille.com\/wp-content\/uploads\/2017\/06\/Unknown.jpeg 225w, https:\/\/gueuledenouille.com\/wp-content\/uploads\/2017\/06\/Unknown-100x100.jpeg 100w, https:\/\/gueuledenouille.com\/wp-content\/uploads\/2017\/06\/Unknown-150x150.jpeg 150w\" sizes=\"(max-width: 173px) 100vw, 173px\" \/><\/a><a href=\"http:\/\/gueuledenouille.com\/index.php\/produit\/born-to-be-cyclette-sac-en-coton-blanc-copie\/gueule-de-nouille-final\/\" rel=\"attachment wp-att-757\"><img loading=\"lazy\" decoding=\"async\" class=\"alignnone wp-image-757\" src=\"http:\/\/gueuledenouille.com\/wp-content\/uploads\/2017\/10\/gueule-de-nouille-WEB.jpg\" alt=\"\" width=\"155\" height=\"160\" \/>\u00a0\u00a0<\/a><a href=\"http:\/\/gueuledenouille.com\/index.php\/produit\/gueule-de-nouille-tee-shirt-enfant\/t_shirt-enfant-t-shirt-entier-gueule-de-nouille\/\" rel=\"attachment wp-att-590\"><img loading=\"lazy\" decoding=\"async\" class=\"alignnone wp-image-590\" src=\"http:\/\/gueuledenouille.com\/wp-content\/uploads\/2017\/08\/T_SHIRT-enfant-t-shirt-entier-gueule-de-nouille.jpg\" alt=\"\" width=\"150\" height=\"150\" srcset=\"https:\/\/gueuledenouille.com\/wp-content\/uploads\/2017\/08\/T_SHIRT-enfant-t-shirt-entier-gueule-de-nouille.jpg 1000w, https:\/\/gueuledenouille.com\/wp-content\/uploads\/2017\/08\/T_SHIRT-enfant-t-shirt-entier-gueule-de-nouille-300x300.jpg 300w, https:\/\/gueuledenouille.com\/wp-content\/uploads\/2017\/08\/T_SHIRT-enfant-t-shirt-entier-gueule-de-nouille-100x100.jpg 100w, https:\/\/gueuledenouille.com\/wp-content\/uploads\/2017\/08\/T_SHIRT-enfant-t-shirt-entier-gueule-de-nouille-600x600.jpg 600w, https:\/\/gueuledenouille.com\/wp-content\/uploads\/2017\/08\/T_SHIRT-enfant-t-shirt-entier-gueule-de-nouille-150x150.jpg 150w, https:\/\/gueuledenouille.com\/wp-content\/uploads\/2017\/08\/T_SHIRT-enfant-t-shirt-entier-gueule-de-nouille-768x768.jpg 768w\" sizes=\"(max-width: 150px) 100vw, 150px\" \/><\/a><\/p>\n<p>Impression blanc sur textile rose<\/p>\n","protected":false},"featured_media":590,"comment_status":"open","ping_status":"closed","template":"","meta":{"jetpack_post_was_ever_published":false},"product_cat":[22,26],"product_tag":[],"jetpack_sharing_enabled":true,"_links":{"self":[{"href":"https:\/\/gueuledenouille.com\/index.php\/wp-json\/wp\/v2\/product\/479"}],"collection":[{"href":"https:\/\/gueuledenouille.com\/index.php\/wp-json\/wp\/v2\/product"}],"about":[{"href":"https:\/\/gueuledenouille.com\/index.php\/wp-json\/wp\/v2\/types\/product"}],"replies":[{"embeddable":true,"href":"https:\/\/gueuledenouille.com\/index.php\/wp-json\/wp\/v2\/comments?post=479"}],"wp:featuredmedia":[{"embeddable":true,"href":"https:\/\/gueuledenouille.com\/index.php\/wp-json\/wp\/v2\/media\/590"}],"wp:attachment":[{"href":"https:\/\/gueuledenouille.com\/index.php\/wp-json\/wp\/v2\/media?parent=479"}],"wp:term":[{"taxonomy":"product_cat","embeddable":true,"href":"https:\/\/gueuledenouille.com\/index.php\/wp-json\/wp\/v2\/product_cat?post=479"},{"taxonomy":"product_tag","embeddable":true,"href":"https:\/\/gueuledenouille.com\/index.php\/wp-json\/wp\/v2\/product_tag?post=479"}],"curies":[{"name":"wp","href":"https:\/\/api.w.org\/{rel}","templated":true}]}}