{"id":611,"date":"2017-09-26T15:56:41","date_gmt":"2017-09-26T13:56:41","guid":{"rendered":"http:\/\/gueuledenouille.com\/?post_type=product&#038;p=611"},"modified":"2026-04-13T03:40:05","modified_gmt":"2026-04-13T01:40:05","slug":"carnet-de-voyage-au-canada-far-away-west","status":"publish","type":"product","link":"https:\/\/gueuledenouille.com\/index.php\/produit\/carnet-de-voyage-au-canada-far-away-west\/","title":{"rendered":"CARNET DE VOYAGE AU CANADA \u00ab\u00a0Far Away West\u00a0\u00bb"},"content":{"rendered":"","protected":false},"excerpt":{"rendered":"<p>Far Away West est un carnet de voyage au Canada en images et en textes,\u00a0o\u00f9 les mots se m\u00ealent aux dessins, o\u00f9 les collages s\u2019associent aux photographies pour nous emmener dans\u00a0l\u2019aventure d\u2019une fran\u00e7aise un peu\u00a0\u00abflyie\u00bb, qui d\u00e9barque dans le \u00ab\u00a0nouveau monde\u00a0\u00bb, ne parlant pas un mot d\u2019anglais et qui croit na\u00efvement qu\u2019elle est tomb\u00e9e dans un monde de bisounours en chemises \u00e0\u00a0carreaux.<\/p>\n<p>Ce carnet de voyage est la trace d\u2019un passage, la m\u00e9moire d\u2019un road trip de jeunesse qui raconte une\u00a0exp\u00e9rience culturelle, un \u00e9tat d&rsquo;esprit, des impressions n\u00e9es au fil des rencontres, des peines d&rsquo;humour et du d\u00e9sir toujours plus fort de toucher l&rsquo;inattendu.<\/p>\n<p>&nbsp;<\/p>\n<p>D\u2019Est en Ouest et\u00a0d\u2019Ouest\u00a0en Est, Cl\u00e9mentine a parcouru le deuxi\u00e8me plus grand pays du monde par tous les moyens : bus, bateau, avion, train, v\u00e9lo, en pouce mais pas sur le pouce, sans pr\u00e9cipitation si ce n\u2019est la pluie, la neige, des ciels bleus au service du sentiment du voyageur le plus incertain qu\u2019est la libert\u00e9.<\/p>\n<p>Attention ! En lisant ce livre, vous vous exposez \u00e0\u00a0une addiction au voyage, contagieuse et irr\u00e9versible, pouvant entrainer une perte s\u00e9rieuse de rep\u00e8res et des trous dans une carri\u00e8re\u00a0professionnelle.<\/p>\n","protected":false},"featured_media":613,"comment_status":"open","ping_status":"closed","template":"","meta":{"jetpack_post_was_ever_published":false},"product_cat":[66],"product_tag":[],"jetpack_sharing_enabled":true,"_links":{"self":[{"href":"https:\/\/gueuledenouille.com\/index.php\/wp-json\/wp\/v2\/product\/611"}],"collection":[{"href":"https:\/\/gueuledenouille.com\/index.php\/wp-json\/wp\/v2\/product"}],"about":[{"href":"https:\/\/gueuledenouille.com\/index.php\/wp-json\/wp\/v2\/types\/product"}],"replies":[{"embeddable":true,"href":"https:\/\/gueuledenouille.com\/index.php\/wp-json\/wp\/v2\/comments?post=611"}],"wp:featuredmedia":[{"embeddable":true,"href":"https:\/\/gueuledenouille.com\/index.php\/wp-json\/wp\/v2\/media\/613"}],"wp:attachment":[{"href":"https:\/\/gueuledenouille.com\/index.php\/wp-json\/wp\/v2\/media?parent=611"}],"wp:term":[{"taxonomy":"product_cat","embeddable":true,"href":"https:\/\/gueuledenouille.com\/index.php\/wp-json\/wp\/v2\/product_cat?post=611"},{"taxonomy":"product_tag","embeddable":true,"href":"https:\/\/gueuledenouille.com\/index.php\/wp-json\/wp\/v2\/product_tag?post=611"}],"curies":[{"name":"wp","href":"https:\/\/api.w.org\/{rel}","templated":true}]}}